{"id":6,"date":"2026-02-08T01:06:10","date_gmt":"2026-02-08T01:06:10","guid":{"rendered":"https:\/\/desarrollovincular.org\/?page_id=6"},"modified":"2026-02-21T15:46:08","modified_gmt":"2026-02-21T15:46:08","slug":"inicio","status":"publish","type":"page","link":"https:\/\/desarrollovincular.org\/","title":{"rendered":"Inicio"},"content":{"rendered":"\n<div class=\"wp-block-group alignfull is-layout-constrained wp-block-group-is-layout-constrained\" style=\"padding-top:50px\">\n<h1 class=\"wp-block-heading alignwide\" style=\"font-size:45px;letter-spacing:1.05px\">FORTALECER LA IDENTIDAD COLECTIVA<\/h1>\n\n\n\n<h1 class=\"wp-block-heading alignwide\" style=\"margin-top:30px;font-size:42px\"><strong>ES FORTALECER EL PROYECTO.<\/strong><\/h1>\n\n\n\n<h2 class=\"wp-block-heading alignfull\" style=\"margin-top:80px\">Dise\u00f1amos y facilitamos procesos de cohesi\u00f3n, integraci\u00f3n y coherencia interna en equipos y organizaciones que desean trabajar desde un sentido compartido.<\/h2>\n\n\n\n<h3 class=\"wp-block-heading alignfull\" style=\"margin-top:var(--wp--preset--spacing--60);margin-bottom:var(--wp--preset--spacing--60)\">Cuando las personas se reconocen parte de algo m\u00e1s grande que s\u00ed mismas, la energ\u00eda deja de dispersarse y comienza a orientarse.<\/h3>\n\n\n\n<p class=\"link-intervencion\" style=\"border-style:none;border-width:0px;margin-top:15px;font-size:24px\"><a href=\"https:\/\/desarrollovincular.org\/index.php\/ambitos-de-intervencion\/\" data-type=\"page\" data-id=\"112\">Conocer c\u00f3mo intervenimos \u2192<\/a><\/p>\n<\/div>\n\n\n\n<p><\/p>\n","protected":false},"excerpt":{"rendered":"<p>FORTALECER LA IDENTIDAD COLECTIVA ES FORTALECER EL PROYECTO. Dise\u00f1amos y facilitamos procesos de cohesi\u00f3n, integraci\u00f3n y coherencia interna en equipos [&hellip;]<\/p>\n","protected":false},"author":1,"featured_media":0,"parent":0,"menu_order":0,"comment_status":"closed","ping_status":"closed","template":"","meta":{"site-sidebar-layout":"default","site-content-layout":"","ast-site-content-layout":"normal-width-container","site-content-style":"default","site-sidebar-style":"default","ast-global-header-display":"","ast-banner-title-visibility":"","ast-main-header-display":"","ast-hfb-above-header-display":"","ast-hfb-below-header-display":"","ast-hfb-mobile-header-display":"","site-post-title":"disabled","ast-breadcrumbs-content":"","ast-featured-img":"","footer-sml-layout":"","ast-disable-related-posts":"","theme-transparent-header-meta":"disabled","adv-header-id-meta":"","stick-header-meta":"","header-above-stick-meta":"","header-main-stick-meta":"","header-below-stick-meta":"","astra-migrate-meta-layouts":"set","ast-page-background-enabled":"default","ast-page-background-meta":{"desktop":{"background-color":"var(--ast-global-color-5)","background-image":"","background-repeat":"repeat","background-position":"center center","background-size":"auto","background-attachment":"scroll","background-type":"","background-media":"","overlay-type":"","overlay-color":"","overlay-opacity":"","overlay-gradient":""},"tablet":{"background-color":"","background-image":"","background-repeat":"repeat","background-position":"center center","background-size":"auto","background-attachment":"scroll","background-type":"","background-media":"","overlay-type":"","overlay-color":"","overlay-opacity":"","overlay-gradient":""},"mobile":{"background-color":"","background-image":"","background-repeat":"repeat","background-position":"center center","background-size":"auto","background-attachment":"scroll","background-type":"","background-media":"","overlay-type":"","overlay-color":"","overlay-opacity":"","overlay-gradient":""}},"ast-content-background-meta":{"desktop":{"background-color":"var(--ast-global-color-4)","background-image":"","background-repeat":"repeat","background-position":"center center","background-size":"auto","background-attachment":"scroll","background-type":"","background-media":"","overlay-type":"","overlay-color":"","overlay-opacity":"","overlay-gradient":""},"tablet":{"background-color":"var(--ast-global-color-4)","background-image":"","background-repeat":"repeat","background-position":"center center","background-size":"auto","background-attachment":"scroll","background-type":"","background-media":"","overlay-type":"","overlay-color":"","overlay-opacity":"","overlay-gradient":""},"mobile":{"background-color":"var(--ast-global-color-4)","background-image":"","background-repeat":"repeat","background-position":"center center","background-size":"auto","background-attachment":"scroll","background-type":"","background-media":"","overlay-type":"","overlay-color":"","overlay-opacity":"","overlay-gradient":""}},"footnotes":""},"class_list":["post-6","page","type-page","status-publish","hentry"],"_links":{"self":[{"href":"https:\/\/desarrollovincular.org\/index.php\/wp-json\/wp\/v2\/pages\/6","targetHints":{"allow":["GET"]}}],"collection":[{"href":"https:\/\/desarrollovincular.org\/index.php\/wp-json\/wp\/v2\/pages"}],"about":[{"href":"https:\/\/desarrollovincular.org\/index.php\/wp-json\/wp\/v2\/types\/page"}],"author":[{"embeddable":true,"href":"https:\/\/desarrollovincular.org\/index.php\/wp-json\/wp\/v2\/users\/1"}],"replies":[{"embeddable":true,"href":"https:\/\/desarrollovincular.org\/index.php\/wp-json\/wp\/v2\/comments?post=6"}],"version-history":[{"count":70,"href":"https:\/\/desarrollovincular.org\/index.php\/wp-json\/wp\/v2\/pages\/6\/revisions"}],"predecessor-version":[{"id":193,"href":"https:\/\/desarrollovincular.org\/index.php\/wp-json\/wp\/v2\/pages\/6\/revisions\/193"}],"wp:attachment":[{"href":"https:\/\/desarrollovincular.org\/index.php\/wp-json\/wp\/v2\/media?parent=6"}],"curies":[{"name":"wp","href":"https:\/\/api.w.org\/{rel}","templated":true}]}}