{"id":67,"date":"2026-02-13T11:36:36","date_gmt":"2026-02-13T11:36:36","guid":{"rendered":"https:\/\/desarrollovincular.org\/?page_id=67"},"modified":"2026-03-03T08:14:28","modified_gmt":"2026-03-03T08:14:28","slug":"la-raiz-del-problema","status":"publish","type":"page","link":"https:\/\/desarrollovincular.org\/index.php\/la-raiz-del-problema\/","title":{"rendered":"La ra\u00edz del problema"},"content":{"rendered":"\n<p style=\"padding-left:10px;font-size:16px\">Todos los s\u00edntomas anteriores revelan un fondo.<\/p>\n\n\n\n<p style=\"padding-left:10px;font-size:16px\">Lo operativo se sostiene como si no existieran fricciones, pero el costo es silencioso: una degradaci\u00f3n progresiva de las relaciones que hacen posible la tarea.<\/p>\n\n\n\n<p style=\"margin-bottom:50px;margin-left:10px;font-size:16px;line-height:1.8\">Aparecen silencios.<br>Palabras que pierden autoridad.<br>Una mezcla de temor, resignaci\u00f3n y bronca por mantener las cosas como est\u00e1n.<\/p>\n\n\n\n<h3 class=\"wp-block-heading\" style=\"padding-left:10px\">\u00bfQu\u00e9 es lo que est\u00e1 realmente est\u00e1 pasando?<\/h3>\n\n\n\n<p style=\"padding-left:10px;font-size:16px\">Esos s\u00edntomas est\u00e1n denotando rupturas en el puente entre necesidad, recursos y satisfacci\u00f3n.<br>Acuerdos que alguna vez funcionaron \u2014en la distribuci\u00f3n de roles, poder y compromisos\u2014 hoy est\u00e1n erosionados.<br>El sistema creci\u00f3, pero no gener\u00f3 las conversaciones necesarias para actualizar su nivel de desarrollo personal y vincular.<\/p>\n\n\n\n<p style=\"padding-left:10px;font-size:16px\">Cuando las necesidades mutuas no se revisan ni se renegocian, la pertenencia se debilita.<br>Comienza a notarse la falta de cooperaci\u00f3n.<br>El compromiso se vuelve desigual.<br>Y emerge una crisis silenciosa de identidad: qu\u00e9 doy al grupo y qu\u00e9 recibo de \u00e9l.<\/p>\n\n\n\n<p style=\"padding-left:10px;font-size:16px\">En la din\u00e1mica cotidiana, la tensi\u00f3n aumenta.<br>Se exige m\u00e1s a quienes siempre respondieron.<br>La estrategia, la t\u00e1ctica y la t\u00e9cnica operan como soluciones superficiales que evitan revisar lo vincular.<\/p>\n\n\n\n<p style=\"padding-left:10px;font-size:16px\">Pero revisar lo vincular implica abrir lo emocional.<br>Y cuando no existen condiciones cuidadas para hacerlo, aparece el temor a la ruptura.<br>Es all\u00ed donde se define si el sistema repite o se reconfigura.<\/p>\n\n\n\n<div class=\"wp-block-group has-white-background-color has-background is-layout-constrained wp-container-core-group-is-layout-3ec4662a wp-block-group-is-layout-constrained\" style=\"border-left-style:none;border-left-width:0px;margin-bottom:0;padding-bottom:65px;padding-left:20px\">\n<p style=\"border-left-color:var(--wp--preset--color--cyan-bluish-gray);border-left-width:2px;padding-left:10px;font-size:16px\">Un equipo crece cuando puede restablecer la comunicaci\u00f3n para actualizar su trama vincular.<br>Cuando establece nuevos acuerdos acordes a su nivel de complejidad.<br>Cuando deja de repetir patrones y se abre al aprendizaje.<\/p>\n<\/div>\n\n\n\n<div class=\"wp-block-group is-layout-constrained wp-container-core-group-is-layout-1e540c04 wp-block-group-is-layout-constrained\" style=\"border-left-style:none;border-left-width:0px;padding-top:20px;padding-bottom:80px;padding-left:20px\">\n<p style=\"border-left-color:var(--wp--preset--color--cyan-bluish-gray);border-left-width:2px;padding-left:10px;font-size:16px\">Un equipo evoluciona cuando puede revisar su modo de vincularse sin romperse.<br>Cuando puede cuestionar sin fragmentarse.<br>Cuando puede redistribuir palabra y responsabilidad sin perder eficacia operativa.<\/p>\n<\/div>\n\n\n\n<p style=\"margin-bottom:50px;margin-left:10px;font-size:16px\">Ese pasaje no ocurre de manera espont\u00e1nea. Requiere un dispositivo que permita revisar lo vincular sin desorganizar lo operativo.<\/p>\n\n\n\n<p class=\"link-intervencion\" style=\"margin-bottom:25px;margin-left:10px;font-size:16px\"><a href=\"https:\/\/desarrollovincular.org\/index.php\/como-intervenimos\/\" data-type=\"page\" data-id=\"83\">C\u00f3mo Intervenimos \u2192<\/a><\/p>\n\n\n\n<p><\/p>\n","protected":false},"excerpt":{"rendered":"<p>Todos los s\u00edntomas anteriores revelan un fondo. Lo operativo se sostiene como si no existieran fricciones, pero el costo es [&hellip;]<\/p>\n","protected":false},"author":1,"featured_media":0,"parent":0,"menu_order":0,"comment_status":"closed","ping_status":"closed","template":"","meta":{"site-sidebar-layout":"default","site-content-layout":"","ast-site-content-layout":"default","site-content-style":"default","site-sidebar-style":"default","ast-global-header-display":"","ast-banner-title-visibility":"","ast-main-header-display":"","ast-hfb-above-header-display":"","ast-hfb-below-header-display":"","ast-hfb-mobile-header-display":"","site-post-title":"","ast-breadcrumbs-content":"","ast-featured-img":"","footer-sml-layout":"","ast-disable-related-posts":"","theme-transparent-header-meta":"","adv-header-id-meta":"","stick-header-meta":"","header-above-stick-meta":"","header-main-stick-meta":"","header-below-stick-meta":"","astra-migrate-meta-layouts":"default","ast-page-background-enabled":"default","ast-page-background-meta":{"desktop":{"background-color":"var(--ast-global-color-5)","background-image":"","background-repeat":"repeat","background-position":"center center","background-size":"auto","background-attachment":"scroll","background-type":"","background-media":"","overlay-type":"","overlay-color":"","overlay-opacity":"","overlay-gradient":""},"tablet":{"background-color":"","background-image":"","background-repeat":"repeat","background-position":"center center","background-size":"auto","background-attachment":"scroll","background-type":"","background-media":"","overlay-type":"","overlay-color":"","overlay-opacity":"","overlay-gradient":""},"mobile":{"background-color":"","background-image":"","background-repeat":"repeat","background-position":"center center","background-size":"auto","background-attachment":"scroll","background-type":"","background-media":"","overlay-type":"","overlay-color":"","overlay-opacity":"","overlay-gradient":""}},"ast-content-background-meta":{"desktop":{"background-color":"var(--ast-global-color-4)","background-image":"","background-repeat":"repeat","background-position":"center center","background-size":"auto","background-attachment":"scroll","background-type":"","background-media":"","overlay-type":"","overlay-color":"","overlay-opacity":"","overlay-gradient":""},"tablet":{"background-color":"var(--ast-global-color-4)","background-image":"","background-repeat":"repeat","background-position":"center center","background-size":"auto","background-attachment":"scroll","background-type":"","background-media":"","overlay-type":"","overlay-color":"","overlay-opacity":"","overlay-gradient":""},"mobile":{"background-color":"var(--ast-global-color-4)","background-image":"","background-repeat":"repeat","background-position":"center center","background-size":"auto","background-attachment":"scroll","background-type":"","background-media":"","overlay-type":"","overlay-color":"","overlay-opacity":"","overlay-gradient":""}},"footnotes":""},"class_list":["post-67","page","type-page","status-publish","hentry"],"_links":{"self":[{"href":"https:\/\/desarrollovincular.org\/index.php\/wp-json\/wp\/v2\/pages\/67","targetHints":{"allow":["GET"]}}],"collection":[{"href":"https:\/\/desarrollovincular.org\/index.php\/wp-json\/wp\/v2\/pages"}],"about":[{"href":"https:\/\/desarrollovincular.org\/index.php\/wp-json\/wp\/v2\/types\/page"}],"author":[{"embeddable":true,"href":"https:\/\/desarrollovincular.org\/index.php\/wp-json\/wp\/v2\/users\/1"}],"replies":[{"embeddable":true,"href":"https:\/\/desarrollovincular.org\/index.php\/wp-json\/wp\/v2\/comments?post=67"}],"version-history":[{"count":50,"href":"https:\/\/desarrollovincular.org\/index.php\/wp-json\/wp\/v2\/pages\/67\/revisions"}],"predecessor-version":[{"id":700,"href":"https:\/\/desarrollovincular.org\/index.php\/wp-json\/wp\/v2\/pages\/67\/revisions\/700"}],"wp:attachment":[{"href":"https:\/\/desarrollovincular.org\/index.php\/wp-json\/wp\/v2\/media?parent=67"}],"curies":[{"name":"wp","href":"https:\/\/api.w.org\/{rel}","templated":true}]}}